{"id":142,"date":"2024-08-16T11:26:06","date_gmt":"2024-08-16T11:26:06","guid":{"rendered":"https:\/\/mandrill-automotive.de\/?page_id=142"},"modified":"2026-02-13T11:19:09","modified_gmt":"2026-02-13T11:19:09","slug":"kontakt","status":"publish","type":"page","link":"https:\/\/mandrill-automotive.de\/de\/kontakt\/","title":{"rendered":"Kontakt"},"content":{"rendered":"<div data-elementor-type=\"wp-page\" data-elementor-id=\"142\" class=\"elementor elementor-142\" data-elementor-post-type=\"page\">\n\t\t\t\t<div class=\"elementor-element elementor-element-610cb5b e-flex e-con-boxed e-con e-parent\" data-id=\"610cb5b\" data-element_type=\"container\" data-e-type=\"container\">\n\t\t\t\t\t<div class=\"e-con-inner\">\n\t\t\t\t<div class=\"elementor-element elementor-element-b6f5954 elementor-widget elementor-widget-text-editor\" data-id=\"b6f5954\" data-element_type=\"widget\" data-e-type=\"widget\" data-widget_type=\"text-editor.default\">\n\t\t\t\t<div class=\"elementor-widget-container\">\n\t\t\t\t\t\t\t\t\t<h1 style=\"text-align: center;\"><span style=\"color: #ffffff;\">KONTAKT<\/span><\/h1>\n<p style=\"text-align: center;\">Daimlerstra\u00dfe 39<\/p>\n<p style=\"text-align: center;\">73037 G\u00f6ppingen<\/p>\n<p style=\"text-align: center;\">Telefon: +49 157 52 46 73 22<\/p>\n<p style=\"text-align: center;\">Mail: info@mandrill-sxs.de<\/p>\t\t\t\t\t\t\t\t<\/div>\n\t\t\t\t<\/div>\n\t\t\t\t\t<\/div>\n\t\t\t\t<\/div>\n\t\t<div class=\"elementor-element elementor-element-399fabc e-con-full e-flex e-con e-parent\" data-id=\"399fabc\" data-element_type=\"container\" data-e-type=\"container\">\n\t\t<div class=\"elementor-element elementor-element-51a525d e-con-full e-flex e-con e-child\" data-id=\"51a525d\" data-element_type=\"container\" data-e-type=\"container\">\n\t\t\t\t<div class=\"elementor-element elementor-element-d669abe elementor-widget elementor-widget-link-in-bio\" data-id=\"d669abe\" data-element_type=\"widget\" data-e-type=\"widget\" data-widget_type=\"link-in-bio.default\">\n\t\t\t\t<div class=\"elementor-widget-container\">\n\t\t\t\t\t\t\t<div class=\"e-link-in-bio e-link-in-bio\">\n\t\t\t<div class=\"e-link-in-bio__content\">\n\n\t\t\t\t\t\t<div class=\"e-link-in-bio__identity\">\n\t\t\t\t\t\t\t\t\t<div class=\"e-link-in-bio__identity-image e-link-in-bio__identity-image-profile has-style-circle\">\n\t\t\t\t\t\t\t<img decoding=\"async\" width=\"142\" height=\"141\" src=\"https:\/\/mandrill-automotive.de\/wp-content\/uploads\/2024\/08\/Heiko.png\" class=\"e-link-in-bio__identity-image-element\" alt=\"\" srcset=\"https:\/\/mandrill-automotive.de\/wp-content\/uploads\/2024\/08\/Heiko.png 142w, https:\/\/mandrill-automotive.de\/wp-content\/uploads\/2024\/08\/Heiko-12x12.png 12w\" sizes=\"(max-width: 142px) 100vw, 142px\" \/>\t\t\t\t\t\t\t\t\t\t\t\t\t<\/div>\n\t\t\t\t\t\t\t<\/div>\n\t\t\t\t\t<div class=\"e-link-in-bio__bio\">\n\t\t\t\t<h2 class=\"e-link-in-bio__heading\">Heiko B\u00f6lstler<\/h2>\t\t\t\t<h3 class=\"e-link-in-bio__title\">CEO<\/h3>\t\t\t\t\t\t\t\t<p class=\"e-link-in-bio__description\">\u201eFahrzeugbau liegt ihm im Blut\u201c   \n\nSeine Leidenschaft f\u00fcr Fahrzeuge und den Fahrzeugbau entdeckte er schon sehr fr\u00fch. Neben seiner Leidenschaft f\u00fcr das Musizieren verdiente Heiko seinen Lebensunterhalt als Kfz-Mechanikergeselle und sp\u00e4ter als Kfz-Meister. Nachdem er seine Leidenschaft f\u00fcr die Oldtimer-Restaurierung unz\u00e4hlige Male ausgelebt hatte, entschied er sich, mit einem Studium an der HfWU die wirtschaftliche Seite n\u00e4her zu beleuchten. Seit 2014 besch\u00e4ftigt er sich als Leiter einer Prototypenwerkstatt mit der technischen und wirtschaftlichen Entwicklung des batterieelektrischen Fahrzeugbaus<\/p>\t\t\t<\/div>\n\t\t\t\t\t<div class=\"e-link-in-bio__icons has-size-small\">\n\t\t\t\t\t\t\t<div class=\"e-link-in-bio__icon is-size-small\">\n\t\t\t\t\t<a target=\"_blank\" rel=\"noopener \" aria-label=\"LinkedIn\" class=\"e-link-in-bio__icon-link\" href=\"\">\n\t\t\t\t\t\t<span class=\"e-link-in-bio__icon-svg\">\n\t\t\t\t\t\t\t<svg aria-hidden=\"true\" class=\"e-font-icon-svg e-fab-linkedin-in\" viewbox=\"0 0 448 512\" xmlns=\"http:\/\/www.w3.org\/2000\/svg\"><path d=\"M100.28 448H7.4V148.9h92.88zM53.79 108.1C24.09 108.1 0 83.5 0 53.8a53.79 53.79 0 0 1 107.58 0c0 29.7-24.1 54.3-53.79 54.3zM447.9 448h-92.68V302.4c0-34.7-.7-79.2-48.29-79.2-48.29 0-55.69 37.7-55.69 76.7V448h-92.78V148.9h89.08v40.8h1.3c12.4-23.5 42.69-48.3 87.88-48.3 94 0 111.28 61.9 111.28 142.3V448z\"><\/path><\/svg>\t\t\t\t\t\t<\/span>\n\t\t\t\t\t\t\t\t\t\t\t<\/a>\n\t\t\t\t<\/div>\n\t\t\t\t\t<\/div>\n\t\t\n\t\t<div class=\"e-link-in-bio__ctas has-type-button\">\n\t\t\t\t\t\t\t<a class=\"e-link-in-bio__cta is-type-button has-corners-rounded\" href=\"mailto:heiko.boelstler@mandrill-sxs.de?subject=Kontakt%20from%20Hompage\">\n\t\t\t\t\t\t\t\t\t\t<span class=\"e-link-in-bio__cta-text\">\n\t\t\t\t\t\tMail me\t\t\t\t\t<\/span>\n\t\t\t\t<\/a>\n\t\t\t\t\t<\/div>\n\t\t\n\t\t\t<\/div>\n\t\t\t<div class=\"e-link-in-bio__bg\">\n\t\t\t\t<div class=\"e-link-in-bio__bg-overlay\"><\/div>\n\t\t\t<\/div>\n\t\t<\/div>\n\t\t\t\t\t\t<\/div>\n\t\t\t\t<\/div>\n\t\t\t\t<\/div>\n\t\t<div class=\"elementor-element elementor-element-1cfbdce e-con-full e-flex e-con e-child\" data-id=\"1cfbdce\" data-element_type=\"container\" data-e-type=\"container\">\n\t\t\t\t<div class=\"elementor-element elementor-element-02c7d10 elementor-widget elementor-widget-link-in-bio\" data-id=\"02c7d10\" data-element_type=\"widget\" data-e-type=\"widget\" data-widget_type=\"link-in-bio.default\">\n\t\t\t\t<div class=\"elementor-widget-container\">\n\t\t\t\t\t\t\t<div class=\"e-link-in-bio e-link-in-bio\">\n\t\t\t<div class=\"e-link-in-bio__content\">\n\n\t\t\t\t\t\t<div class=\"e-link-in-bio__identity\">\n\t\t\t\t\t\t\t\t\t<div class=\"e-link-in-bio__identity-image e-link-in-bio__identity-image-profile has-style-circle\">\n\t\t\t\t\t\t\t<img decoding=\"async\" width=\"141\" height=\"141\" src=\"https:\/\/mandrill-automotive.de\/wp-content\/uploads\/2024\/08\/Christoph.png\" class=\"e-link-in-bio__identity-image-element\" alt=\"\" srcset=\"https:\/\/mandrill-automotive.de\/wp-content\/uploads\/2024\/08\/Christoph.png 141w, https:\/\/mandrill-automotive.de\/wp-content\/uploads\/2024\/08\/Christoph-12x12.png 12w\" sizes=\"(max-width: 141px) 100vw, 141px\" \/>\t\t\t\t\t\t\t\t\t\t\t\t\t<\/div>\n\t\t\t\t\t\t\t<\/div>\n\t\t\t\t\t<div class=\"e-link-in-bio__bio\">\n\t\t\t\t<h2 class=\"e-link-in-bio__heading\">Christoph Blum<\/h2>\t\t\t\t<h3 class=\"e-link-in-bio__title\">COO<\/h3>\t\t\t\t\t\t\t\t<p class=\"e-link-in-bio__description\">\u201eFertigung im Blut\u201c\n\nChristoph ist nicht nur am Mischpult detailverliebt, bei seiner Arbeit geht es auch immer um h\u00f6chste Pr\u00e4zision und Qualit\u00e4t. Der gelernte Werkzeugmechaniker hat sich auf alle Aspekte der CNC-Maschinenfertigung spezialisiert. Er wei\u00df, wie man Gro\u00dfserienteile effizient fertigt und worauf man bei der Bearbeitung unterschiedlichster Materialien achten muss<\/p>\t\t\t<\/div>\n\t\t\t\t\t<div class=\"e-link-in-bio__icons has-size-small\">\n\t\t\t\t\t\t\t<div class=\"e-link-in-bio__icon is-size-small\">\n\t\t\t\t\t<a aria-label=\"Email\" class=\"e-link-in-bio__icon-link\" href=\"mailto:CHristoph.blum@mandrill-sxs.de\">\n\t\t\t\t\t\t<span class=\"e-link-in-bio__icon-svg\">\n\t\t\t\t\t\t\t<svg aria-hidden=\"true\" class=\"e-font-icon-svg e-fas-envelope\" viewbox=\"0 0 512 512\" xmlns=\"http:\/\/www.w3.org\/2000\/svg\"><path d=\"M502.3 190.8c3.9-3.1 9.7-.2 9.7 4.7V400c0 26.5-21.5 48-48 48H48c-26.5 0-48-21.5-48-48V195.6c0-5 5.7-7.8 9.7-4.7 22.4 17.4 52.1 39.5 154.1 113.6 21.1 15.4 56.7 47.8 92.2 47.6 35.7.3 72-32.8 92.3-47.6 102-74.1 131.6-96.3 154-113.7zM256 320c23.2.4 56.6-29.2 73.4-41.4 132.7-96.3 142.8-104.7 173.4-128.7 5.8-4.5 9.2-11.5 9.2-18.9v-19c0-26.5-21.5-48-48-48H48C21.5 64 0 85.5 0 112v19c0 7.4 3.4 14.3 9.2 18.9 30.6 23.9 40.7 32.4 173.4 128.7 16.8 12.2 50.2 41.8 73.4 41.4z\"><\/path><\/svg>\t\t\t\t\t\t<\/span>\n\t\t\t\t\t\t\t\t\t\t\t<\/a>\n\t\t\t\t<\/div>\n\t\t\t\t\t<\/div>\n\t\t\n\t\t<div class=\"e-link-in-bio__ctas has-type-button\">\n\t\t\t\t\t\t\t<a class=\"e-link-in-bio__cta is-type-button has-corners-rounded\" href=\"mailto:christoph.blum@mandrill-sxs.de?subject=Hompage%20Kontakt\">\n\t\t\t\t\t\t\t\t\t\t<span class=\"e-link-in-bio__cta-text\">\n\t\t\t\t\t\tMail me\t\t\t\t\t<\/span>\n\t\t\t\t<\/a>\n\t\t\t\t\t<\/div>\n\t\t\n\t\t\t<\/div>\n\t\t\t<div class=\"e-link-in-bio__bg\">\n\t\t\t\t<div class=\"e-link-in-bio__bg-overlay\"><\/div>\n\t\t\t<\/div>\n\t\t<\/div>\n\t\t\t\t\t\t<\/div>\n\t\t\t\t<\/div>\n\t\t\t\t<\/div>\n\t\t<div class=\"elementor-element elementor-element-4e12720 e-con-full e-flex e-con e-child\" data-id=\"4e12720\" data-element_type=\"container\" data-e-type=\"container\">\n\t\t\t\t<div class=\"elementor-element elementor-element-ac5e841 elementor-widget elementor-widget-link-in-bio\" data-id=\"ac5e841\" data-element_type=\"widget\" data-e-type=\"widget\" data-widget_type=\"link-in-bio.default\">\n\t\t\t\t<div class=\"elementor-widget-container\">\n\t\t\t\t\t\t\t<div class=\"e-link-in-bio e-link-in-bio\">\n\t\t\t<div class=\"e-link-in-bio__content\">\n\n\t\t\t\t\t\t<div class=\"e-link-in-bio__identity\">\n\t\t\t\t\t\t\t\t\t<div class=\"e-link-in-bio__identity-image e-link-in-bio__identity-image-profile has-style-circle\">\n\t\t\t\t\t\t\t<img decoding=\"async\" width=\"142\" height=\"141\" src=\"https:\/\/mandrill-automotive.de\/wp-content\/uploads\/2024\/08\/Mitch.png\" class=\"e-link-in-bio__identity-image-element\" alt=\"\" srcset=\"https:\/\/mandrill-automotive.de\/wp-content\/uploads\/2024\/08\/Mitch.png 142w, https:\/\/mandrill-automotive.de\/wp-content\/uploads\/2024\/08\/Mitch-12x12.png 12w\" sizes=\"(max-width: 142px) 100vw, 142px\" \/>\t\t\t\t\t\t\t\t\t\t\t\t\t<\/div>\n\t\t\t\t\t\t\t<\/div>\n\t\t\t\t\t<div class=\"e-link-in-bio__bio\">\n\t\t\t\t<h2 class=\"e-link-in-bio__heading\">Michael Ries<\/h2>\t\t\t\t<h3 class=\"e-link-in-bio__title\">CTO<\/h3>\t\t\t\t\t\t\t\t<p class=\"e-link-in-bio__description\">\u201eElektronik im Blut\u201c\nDie Leidenschaft f\u00fcr Elektronik und Automatisierung war wohl der Hauptgrund f\u00fcr den gelernten Werkzeugmechaniker, Maschinenbau mit dem Schwerpunkt Energie- und Automatisierungstechnik zu studieren. Bei einem Lkw-Hersteller entdeckte er dann die Systemvernetzung und Software f\u00fcr sich, die er bei einem Automobilzulieferer leidenschaftlich , bis zum Leiter der Softwareentwicklung weiterverfolgte.<\/p>\t\t\t<\/div>\n\t\t\t\t\t<div class=\"e-link-in-bio__icons has-size-small\">\n\t\t\t\t\t\t\t<div class=\"e-link-in-bio__icon is-size-small\">\n\t\t\t\t\t<a target=\"_blank\" rel=\"noopener \" aria-label=\"LinkedIn\" class=\"e-link-in-bio__icon-link\" href=\"\">\n\t\t\t\t\t\t<span class=\"e-link-in-bio__icon-svg\">\n\t\t\t\t\t\t\t<svg aria-hidden=\"true\" class=\"e-font-icon-svg e-fab-linkedin-in\" viewbox=\"0 0 448 512\" xmlns=\"http:\/\/www.w3.org\/2000\/svg\"><path d=\"M100.28 448H7.4V148.9h92.88zM53.79 108.1C24.09 108.1 0 83.5 0 53.8a53.79 53.79 0 0 1 107.58 0c0 29.7-24.1 54.3-53.79 54.3zM447.9 448h-92.68V302.4c0-34.7-.7-79.2-48.29-79.2-48.29 0-55.69 37.7-55.69 76.7V448h-92.78V148.9h89.08v40.8h1.3c12.4-23.5 42.69-48.3 87.88-48.3 94 0 111.28 61.9 111.28 142.3V448z\"><\/path><\/svg>\t\t\t\t\t\t<\/span>\n\t\t\t\t\t\t\t\t\t\t\t<\/a>\n\t\t\t\t<\/div>\n\t\t\t\t\t<\/div>\n\t\t\n\t\t<div class=\"e-link-in-bio__ctas has-type-button\">\n\t\t\t\t\t\t\t<a class=\"e-link-in-bio__cta is-type-button has-corners-rounded\" href=\"mailto:michael.ries@mandrill-sxs.de\">\n\t\t\t\t\t\t\t\t\t\t<span class=\"e-link-in-bio__cta-text\">\n\t\t\t\t\t\tMail me\t\t\t\t\t<\/span>\n\t\t\t\t<\/a>\n\t\t\t\t\t<\/div>\n\t\t\n\t\t\t<\/div>\n\t\t\t<div class=\"e-link-in-bio__bg\">\n\t\t\t\t<div class=\"e-link-in-bio__bg-overlay\"><\/div>\n\t\t\t<\/div>\n\t\t<\/div>\n\t\t\t\t\t\t<\/div>\n\t\t\t\t<\/div>\n\t\t\t\t<\/div>\n\t\t\t\t<\/div>\n\t\t\t\t<\/div>","protected":false},"excerpt":{"rendered":"<p>KONTAKT Daimlerstra\u00dfe 39 73037 G\u00f6ppingen Telefon: +49 157 52 46 73 22 Mail: info@mandrill-sxs.de Heiko B\u00f6lstler CEO &quot;Vehicle construction in the blood&quot; He discovered his passion for vehicles and vehicle construction very early on. In addition to his passion for making music, Heiko earned his living as a journeyman car mechanic and later as a [&hellip;]<\/p>\n","protected":false},"author":1,"featured_media":0,"parent":0,"menu_order":0,"comment_status":"closed","ping_status":"closed","template":"elementor_header_footer","meta":{"footnotes":""},"class_list":["post-142","page","type-page","status-publish","hentry","entry"],"jetpack_sharing_enabled":true,"_links":{"self":[{"href":"https:\/\/mandrill-automotive.de\/de\/wp-json\/wp\/v2\/pages\/142"}],"collection":[{"href":"https:\/\/mandrill-automotive.de\/de\/wp-json\/wp\/v2\/pages"}],"about":[{"href":"https:\/\/mandrill-automotive.de\/de\/wp-json\/wp\/v2\/types\/page"}],"author":[{"embeddable":true,"href":"https:\/\/mandrill-automotive.de\/de\/wp-json\/wp\/v2\/users\/1"}],"replies":[{"embeddable":true,"href":"https:\/\/mandrill-automotive.de\/de\/wp-json\/wp\/v2\/comments?post=142"}],"version-history":[{"count":44,"href":"https:\/\/mandrill-automotive.de\/de\/wp-json\/wp\/v2\/pages\/142\/revisions"}],"predecessor-version":[{"id":1460,"href":"https:\/\/mandrill-automotive.de\/de\/wp-json\/wp\/v2\/pages\/142\/revisions\/1460"}],"wp:attachment":[{"href":"https:\/\/mandrill-automotive.de\/de\/wp-json\/wp\/v2\/media?parent=142"}],"curies":[{"name":"wp","href":"https:\/\/api.w.org\/{rel}","templated":true}]}}